{"id":6,"date":"2025-07-10T20:41:13","date_gmt":"2025-07-10T20:41:13","guid":{"rendered":"https:\/\/chinampaproject.org\/?page_id=6"},"modified":"2025-07-25T16:32:14","modified_gmt":"2025-07-25T16:32:14","slug":"6-2","status":"publish","type":"page","link":"https:\/\/chinampaproject.org\/es\/","title":{"rendered":"Home"},"content":{"rendered":"<p><span style=\"\"><img decoding=\"async\" alt=\"\" data-id=\"29\" title=\"https:\/\/chinampaproject.org\/wp-content\/uploads\/2025\/09\/Screenshot-2025-09-12-114531.png\" loading=\"lazy\" src=\"https:\/\/chinampaproject.org\/wp-content\/uploads\/2025\/09\/Screenshot-2025-09-12-114531.png\" data-width=\"554\" data-height=\"186\" style=\"aspect-ratio: auto 554 \/ 186;\" height=\"186\" width=\"554\" data-init-width=\"554\" data-init-height=\"186\" mt-d=\"-114.344\" ml-d=\"0\"><\/span><\/p>\n<p><strong><em>&#8220;Where ancient wisdom meets modern sustainability.&#8221;<\/em><\/strong><\/p>\n<p style=\"text-align: center;\"><span style=\"--tcb-applied-color: rgba(255, 255, 255, 0.85) !important; color: rgba(255, 255, 255, 0.85) !important;\">Of the 20,922 existing chinampas, only 17% are active, from which a significant percentage could be reactivated\u2026 Through the preservation of ancient wisdom, paired with modern sustainability efforts, we can work together to increase this systemic activity<\/span><\/p>\n<h1><strong><em><strong>Bienvenid@s al proyecto de regeneraci\u00f3n de chinampas en Xochimilco<\/strong><\/em><\/strong><\/h1>\n<p>Unidos a comunidades locales y a aliados internacionales, estamos reviviendo uno de los sistemas agroecol\u00f3gicos m\u00e1s ingeniosos del mundo (y tal vez tambi\u00e9n de la historia): la chinampa. Enraizado en la tradici\u00f3n prehisp\u00e1nica y reimaginado para un futuro sustentable, esta iniciativa entreteje conocimientos antiguos con las necesidades ecol\u00f3gicas de la actualidad.<\/p>\n<h1><strong><em><strong><strong>\u00bfQui\u00e9nes somos?<\/strong><\/strong><\/em><\/strong><\/h1>\n<p>Somos una red colaborativa de comunidades agricultoras mexicanas y expertos suecos en sustentabilidad, as\u00ed como acad\u00e9micos, investigadores y defensores del medio ambiente, unidos todos por una visi\u00f3n com\u00fan: la regeneraci\u00f3n de chinampas abandonadas y el empoderamiento de mujeres chinamperas a trav\u00e9s de la agroecolog\u00eda, el comercio \u00e9tico, y el intercambio de conocimiento; transformando sistemas tradicionales de cultivo en modelos de agricultura regenerativa, en beneficio de tanto personas como el planeta.<\/p>\n<p>Nuestro prop\u00f3sito expreso es la coalici\u00f3n de fuerzas compuesta por la sociedad civil, la academia y los chinamperos, con el fin de restaurar estos sistemas agroecol\u00f3gicos, y con ello, dar sustento a las comunidades que las custodian y defienden. Pretendemos lograrlo a trav\u00e9s de un modelo estructural hol\u00edstico de car\u00e1cter multifac\u00e9tico.<\/p>\n<h1><strong><em><strong><strong><strong>Lo que hacemos<\/strong><\/strong><\/strong><\/em><\/strong><\/h1>\n<p>Restauramos y mejoramos la productividad de las chinampas de San Gregorio Atlapulco y sus alrededores, mejorando las condiciones de vida de la localidad, promoviendo la igualdad de g\u00e9nero, alentando la transferencia respetuosa de tecnolog\u00eda, el empoderamiento comunitario, el desarrollo sustentable de mercado y la conscientizaci\u00f3n de pr\u00e1cticas regenerativas agr\u00edcolas que contrarrestan el cambio clim\u00e1tico.<\/p>\n<h1><strong><em><strong><strong><strong>Nuestros valores<\/strong><\/strong><\/strong><\/em><\/strong><\/h1>\n<ul>\n<li><strong>Respeto cultural: <\/strong>conocimiento tradicional engranado en sistemas naturales como vanguardia, tecnolog\u00eda como subsecuente.<\/li>\n<li><strong>Pertenencia comunitaria: <\/strong>los chinamperos tienen control y agencia sobre su propio desarrollo.<\/li>\n<li><strong>Regeneraci\u00f3n ecol\u00f3gica:<\/strong> cada intervenci\u00f3n inducida a sanar la tierra.<\/li>\n<li><strong>Justicia econ\u00f3mica:<\/strong>remuneraciones justas para las chinamperas, bienestar sostenible para las familias.&nbsp;<\/li>\n<\/ul>\n<h1><strong><em><strong><strong><strong><strong>Alineaci\u00f3n con los Objetivos de Desarrollo Sostenible de las Naciones Unidas<\/strong><\/strong><\/strong><\/strong><\/em><\/strong><\/h1>\n<p>Esta iniciativa contribuye directamente a:<\/p>\n<p><span><img decoding=\"async\" alt=\"\" data-id=\"67\" width=\"176\" height=\"176\" title=\"No Poverty\" src=\"https:\/\/chinampaproject.org\/wp-content\/uploads\/2025\/09\/no-pov.png\" data-src=\"https:\/\/chinampaproject.org\/wp-content\/uploads\/2025\/09\/no-pov.png\" loading=\"lazy\" data-sizes=\"{&quot;thumbnail&quot;:{&quot;height&quot;:150,&quot;width&quot;:150,&quot;url&quot;:&quot;https:\/\/chinampaproject.org\/wp-content\/uploads\/2025\/07\/download1-150x150.png&quot;,&quot;orientation&quot;:&quot;landscape&quot;},&quot;full&quot;:{&quot;url&quot;:&quot;https:\/\/chinampaproject.org\/wp-content\/uploads\/2025\/07\/download1.png&quot;,&quot;height&quot;:225,&quot;width&quot;:225,&quot;orientation&quot;:&quot;landscape&quot;}}\" style=\"aspect-ratio: auto 225 \/ 225;\" data-width=\"176\" data-height=\"176\" data-init-width=\"225\" data-init-height=\"225\"><\/span><span><img decoding=\"async\" alt=\"\" data-id=\"66\" width=\"176\" height=\"176\" title=\"Zero Hunger\" src=\"https:\/\/chinampaproject.org\/wp-content\/uploads\/2025\/09\/no-hambre.png\" data-src=\"https:\/\/chinampaproject.org\/wp-content\/uploads\/2025\/09\/no-hambre.png\" loading=\"lazy\" data-sizes=\"{&quot;thumbnail&quot;:{&quot;height&quot;:150,&quot;width&quot;:150,&quot;url&quot;:&quot;https:\/\/chinampaproject.org\/wp-content\/uploads\/2025\/07\/download2-150x150.png&quot;,&quot;orientation&quot;:&quot;landscape&quot;},&quot;full&quot;:{&quot;url&quot;:&quot;https:\/\/chinampaproject.org\/wp-content\/uploads\/2025\/07\/download2.png&quot;,&quot;height&quot;:225,&quot;width&quot;:225,&quot;orientation&quot;:&quot;landscape&quot;}}\" style=\"aspect-ratio: auto 225 \/ 225;\" data-width=\"176\" data-height=\"176\" data-init-width=\"225\" data-init-height=\"225\"><\/span><span><img decoding=\"async\" alt=\"\" data-id=\"65\" width=\"176\" height=\"176\" title=\"Gender Equality\" src=\"https:\/\/chinampaproject.org\/wp-content\/uploads\/2025\/09\/5-igualdad-de-genero-3.jpg\" data-src=\"https:\/\/chinampaproject.org\/wp-content\/uploads\/2025\/09\/5-igualdad-de-genero-3.jpg\" loading=\"lazy\" data-sizes=\"{&quot;thumbnail&quot;:{&quot;height&quot;:150,&quot;width&quot;:150,&quot;url&quot;:&quot;https:\/\/chinampaproject.org\/wp-content\/uploads\/2025\/07\/download5-150x150.jpeg&quot;,&quot;orientation&quot;:&quot;landscape&quot;},&quot;full&quot;:{&quot;url&quot;:&quot;https:\/\/chinampaproject.org\/wp-content\/uploads\/2025\/07\/download5.jpeg&quot;,&quot;height&quot;:225,&quot;width&quot;:225,&quot;orientation&quot;:&quot;landscape&quot;}}\" style=\"aspect-ratio: auto 225 \/ 225;\" data-width=\"176\" data-height=\"176\" data-init-width=\"225\" data-init-height=\"225\"><\/span><span><img decoding=\"async\" alt=\"\" data-id=\"64\" width=\"176\" height=\"176\" title=\"Responsible Consumption and Production\" src=\"https:\/\/chinampaproject.org\/wp-content\/uploads\/2025\/09\/12prodconsonu.png\" data-src=\"https:\/\/chinampaproject.org\/wp-content\/uploads\/2025\/09\/12prodconsonu.png\" loading=\"lazy\" data-sizes=\"{&quot;thumbnail&quot;:{&quot;height&quot;:150,&quot;width&quot;:150,&quot;url&quot;:&quot;https:\/\/chinampaproject.org\/wp-content\/uploads\/2025\/07\/download12-150x150.png&quot;,&quot;orientation&quot;:&quot;landscape&quot;},&quot;full&quot;:{&quot;url&quot;:&quot;https:\/\/chinampaproject.org\/wp-content\/uploads\/2025\/07\/download12.png&quot;,&quot;height&quot;:225,&quot;width&quot;:225,&quot;orientation&quot;:&quot;landscape&quot;}}\" style=\"aspect-ratio: auto 225 \/ 225;\" data-width=\"176\" data-height=\"176\" data-init-width=\"225\" data-init-height=\"225\"><\/span><span><img decoding=\"async\" alt=\"\" data-id=\"63\" width=\"176\" height=\"176\" title=\"Climate Action\" src=\"https:\/\/chinampaproject.org\/wp-content\/uploads\/2025\/09\/Sustainable_Development_Goal-es-05.jpg\" data-src=\"https:\/\/chinampaproject.org\/wp-content\/uploads\/2025\/09\/Sustainable_Development_Goal-es-05.jpg\" loading=\"lazy\" data-sizes=\"{&quot;thumbnail&quot;:{&quot;height&quot;:150,&quot;width&quot;:150,&quot;url&quot;:&quot;https:\/\/chinampaproject.org\/wp-content\/uploads\/2025\/07\/download13-150x150.jpeg&quot;,&quot;orientation&quot;:&quot;landscape&quot;},&quot;full&quot;:{&quot;url&quot;:&quot;https:\/\/chinampaproject.org\/wp-content\/uploads\/2025\/07\/download13.jpeg&quot;,&quot;height&quot;:225,&quot;width&quot;:225,&quot;orientation&quot;:&quot;landscape&quot;}}\" style=\"aspect-ratio: auto 225 \/ 225;\" data-width=\"176\" data-height=\"176\" data-init-width=\"225\" data-init-height=\"225\"><\/span><span><img decoding=\"async\" alt=\"\" data-id=\"67\" width=\"225\" height=\"225\" title=\"No Poverty\" src=\"https:\/\/chinampaproject.org\/wp-content\/uploads\/2025\/09\/no-pov.png\" data-src=\"https:\/\/chinampaproject.org\/wp-content\/uploads\/2025\/09\/no-pov.png\" loading=\"lazy\" data-sizes=\"{&quot;thumbnail&quot;:{&quot;height&quot;:150,&quot;width&quot;:150,&quot;url&quot;:&quot;https:\/\/chinampaproject.org\/wp-content\/uploads\/2025\/07\/download1-150x150.png&quot;,&quot;orientation&quot;:&quot;landscape&quot;},&quot;full&quot;:{&quot;url&quot;:&quot;https:\/\/chinampaproject.org\/wp-content\/uploads\/2025\/07\/download1.png&quot;,&quot;height&quot;:225,&quot;width&quot;:225,&quot;orientation&quot;:&quot;landscape&quot;}}\" style=\"\"><\/span><span><img decoding=\"async\" alt=\"\" data-id=\"66\" width=\"225\" height=\"225\" title=\"Zero Hunger\" src=\"https:\/\/chinampaproject.org\/wp-content\/uploads\/2025\/09\/no-hambre.png\" data-src=\"https:\/\/chinampaproject.org\/wp-content\/uploads\/2025\/09\/no-hambre.png\" loading=\"lazy\" data-sizes=\"{&quot;thumbnail&quot;:{&quot;height&quot;:150,&quot;width&quot;:150,&quot;url&quot;:&quot;https:\/\/chinampaproject.org\/wp-content\/uploads\/2025\/07\/download2-150x150.png&quot;,&quot;orientation&quot;:&quot;landscape&quot;},&quot;full&quot;:{&quot;url&quot;:&quot;https:\/\/chinampaproject.org\/wp-content\/uploads\/2025\/07\/download2.png&quot;,&quot;height&quot;:225,&quot;width&quot;:225,&quot;orientation&quot;:&quot;landscape&quot;}}\" style=\"\"><\/span><span><img decoding=\"async\" alt=\"\" data-id=\"65\" width=\"225\" height=\"225\" title=\"Gender Equality\" src=\"https:\/\/chinampaproject.org\/wp-content\/uploads\/2025\/09\/5-igualdad-de-genero-3.jpg\" data-src=\"https:\/\/chinampaproject.org\/wp-content\/uploads\/2025\/09\/5-igualdad-de-genero-3.jpg\" loading=\"lazy\" data-sizes=\"{&quot;thumbnail&quot;:{&quot;height&quot;:150,&quot;width&quot;:150,&quot;url&quot;:&quot;https:\/\/chinampaproject.org\/wp-content\/uploads\/2025\/07\/download5-150x150.jpeg&quot;,&quot;orientation&quot;:&quot;landscape&quot;},&quot;full&quot;:{&quot;url&quot;:&quot;https:\/\/chinampaproject.org\/wp-content\/uploads\/2025\/07\/download5.jpeg&quot;,&quot;height&quot;:225,&quot;width&quot;:225,&quot;orientation&quot;:&quot;landscape&quot;}}\" style=\"\"><\/span><span><img decoding=\"async\" alt=\"\" data-id=\"64\" width=\"225\" height=\"225\" title=\"Responsible Consumption and Production\" src=\"https:\/\/chinampaproject.org\/wp-content\/uploads\/2025\/09\/12prodconsonu.png\" data-src=\"https:\/\/chinampaproject.org\/wp-content\/uploads\/2025\/09\/12prodconsonu.png\" loading=\"lazy\" data-sizes=\"{&quot;thumbnail&quot;:{&quot;height&quot;:150,&quot;width&quot;:150,&quot;url&quot;:&quot;https:\/\/chinampaproject.org\/wp-content\/uploads\/2025\/07\/download12-150x150.png&quot;,&quot;orientation&quot;:&quot;landscape&quot;},&quot;full&quot;:{&quot;url&quot;:&quot;https:\/\/chinampaproject.org\/wp-content\/uploads\/2025\/07\/download12.png&quot;,&quot;height&quot;:225,&quot;width&quot;:225,&quot;orientation&quot;:&quot;landscape&quot;}}\" style=\"\"><\/span><span><img decoding=\"async\" alt=\"\" data-id=\"63\" width=\"225\" height=\"225\" title=\"Climate Action\" src=\"https:\/\/chinampaproject.org\/wp-content\/uploads\/2025\/09\/Sustainable_Development_Goal-es-05.jpg\" data-src=\"https:\/\/chinampaproject.org\/wp-content\/uploads\/2025\/09\/Sustainable_Development_Goal-es-05.jpg\" loading=\"lazy\" data-sizes=\"{&quot;thumbnail&quot;:{&quot;height&quot;:150,&quot;width&quot;:150,&quot;url&quot;:&quot;https:\/\/chinampaproject.org\/wp-content\/uploads\/2025\/07\/download13-150x150.jpeg&quot;,&quot;orientation&quot;:&quot;landscape&quot;},&quot;full&quot;:{&quot;url&quot;:&quot;https:\/\/chinampaproject.org\/wp-content\/uploads\/2025\/07\/download13.jpeg&quot;,&quot;height&quot;:225,&quot;width&quot;:225,&quot;orientation&quot;:&quot;landscape&quot;}}\" style=\"\"><\/span><\/p>","protected":false},"excerpt":{"rendered":"<p>&#8220;Where ancient wisdom meets modern sustainability.&#8221; Of the 20,922 existing chinampas, only 17% are active, from which a significant percentage could be reactivated\u2026 Through the preservation of ancient wisdom, paired with modern sustainability efforts, we can work together to increase this systemic activity Welcome to Chinampas Regeneration in Xochimilco Together with local communities and international [&hellip;]<\/p>","protected":false},"author":1,"featured_media":0,"parent":0,"menu_order":0,"comment_status":"closed","ping_status":"closed","template":"","meta":{"footnotes":""},"class_list":["post-6","page","type-page","status-publish","hentry","post-wrapper","thrv_wrapper"],"aioseo_notices":[],"yoast_head":"<!-- This site is optimized with the Yoast SEO plugin v27.2 - https:\/\/yoast.com\/product\/yoast-seo-wordpress\/ -->\n<title>Home - Chinampa Project<\/title>\n<meta name=\"robots\" content=\"index, follow, max-snippet:-1, max-image-preview:large, max-video-preview:-1\" \/>\n<link rel=\"canonical\" href=\"https:\/\/chinampaproject.org\/es\/\" \/>\n<meta property=\"og:locale\" content=\"es_MX\" \/>\n<meta property=\"og:type\" content=\"article\" \/>\n<meta property=\"og:title\" content=\"Home - Chinampa Project\" \/>\n<meta property=\"og:description\" content=\"&#8220;Where ancient wisdom meets modern sustainability.&#8221; Of the 20,922 existing chinampas, only 17% are active, from which a significant percentage could be reactivated\u2026 Through the preservation of ancient wisdom, paired with modern sustainability efforts, we can work together to increase this systemic activity Welcome to Chinampas Regeneration in Xochimilco Together with local communities and international [&hellip;]\" \/>\n<meta property=\"og:url\" content=\"https:\/\/chinampaproject.org\/es\/\" \/>\n<meta property=\"og:site_name\" content=\"Chinampa Project\" \/>\n<meta property=\"article:modified_time\" content=\"2025-07-25T16:32:14+00:00\" \/>\n<meta property=\"og:image\" content=\"https:\/\/chinampaproject.org\/wp-content\/uploads\/2025\/07\/20250711_1659_Chinampas-at-Sunrise_simple_compose_01jzxvb50ce8q8md1v2ayvakvx-1-1024x683.png\" \/>\n\t<meta property=\"og:image:width\" content=\"1024\" \/>\n\t<meta property=\"og:image:height\" content=\"683\" \/>\n\t<meta property=\"og:image:type\" content=\"image\/png\" \/>\n<meta name=\"twitter:card\" content=\"summary_large_image\" \/>\n<meta name=\"twitter:label1\" content=\"Tiempo de lectura\" \/>\n\t<meta name=\"twitter:data1\" content=\"4 minutos\" \/>\n<script type=\"application\/ld+json\" class=\"yoast-schema-graph\">{\"@context\":\"https:\/\/schema.org\",\"@graph\":[{\"@type\":\"WebPage\",\"@id\":\"https:\/\/chinampaproject.org\/\",\"url\":\"https:\/\/chinampaproject.org\/\",\"name\":\"Home - Chinampa Project\",\"isPartOf\":{\"@id\":\"https:\/\/chinampaproject.org\/#website\"},\"primaryImageOfPage\":{\"@id\":\"https:\/\/chinampaproject.org\/#primaryimage\"},\"image\":{\"@id\":\"https:\/\/chinampaproject.org\/#primaryimage\"},\"thumbnailUrl\":\"https:\/\/chinampaproject.org\/wp-content\/uploads\/2025\/07\/Logo2.svg\",\"datePublished\":\"2025-07-10T20:41:13+00:00\",\"dateModified\":\"2025-07-25T16:32:14+00:00\",\"breadcrumb\":{\"@id\":\"https:\/\/chinampaproject.org\/#breadcrumb\"},\"inLanguage\":\"es\",\"potentialAction\":[{\"@type\":\"ReadAction\",\"target\":[\"https:\/\/chinampaproject.org\/\"]}]},{\"@type\":\"ImageObject\",\"inLanguage\":\"es\",\"@id\":\"https:\/\/chinampaproject.org\/#primaryimage\",\"url\":\"https:\/\/chinampaproject.org\/wp-content\/uploads\/2025\/07\/Logo2.svg\",\"contentUrl\":\"https:\/\/chinampaproject.org\/wp-content\/uploads\/2025\/07\/Logo2.svg\"},{\"@type\":\"BreadcrumbList\",\"@id\":\"https:\/\/chinampaproject.org\/#breadcrumb\",\"itemListElement\":[{\"@type\":\"ListItem\",\"position\":1,\"name\":\"Inicio\",\"item\":\"https:\/\/chinampaproject.org\/\"},{\"@type\":\"ListItem\",\"position\":2,\"name\":\"Home\"}]},{\"@type\":\"WebSite\",\"@id\":\"https:\/\/chinampaproject.org\/#website\",\"url\":\"https:\/\/chinampaproject.org\/\",\"name\":\"Chinampa Project\",\"description\":\"Chinampas Regeneration in Xochimilco\",\"potentialAction\":[{\"@type\":\"SearchAction\",\"target\":{\"@type\":\"EntryPoint\",\"urlTemplate\":\"https:\/\/chinampaproject.org\/?s={search_term_string}\"},\"query-input\":{\"@type\":\"PropertyValueSpecification\",\"valueRequired\":true,\"valueName\":\"search_term_string\"}}],\"inLanguage\":\"es\"}]}<\/script>\n<!-- \/ Yoast SEO plugin. -->","yoast_head_json":{"title":"Home - Chinampa Project","robots":{"index":"index","follow":"follow","max-snippet":"max-snippet:-1","max-image-preview":"max-image-preview:large","max-video-preview":"max-video-preview:-1"},"canonical":"https:\/\/chinampaproject.org\/es\/","og_locale":"es_MX","og_type":"article","og_title":"Home - Chinampa Project","og_description":"&#8220;Where ancient wisdom meets modern sustainability.&#8221; Of the 20,922 existing chinampas, only 17% are active, from which a significant percentage could be reactivated\u2026 Through the preservation of ancient wisdom, paired with modern sustainability efforts, we can work together to increase this systemic activity Welcome to Chinampas Regeneration in Xochimilco Together with local communities and international [&hellip;]","og_url":"https:\/\/chinampaproject.org\/es\/","og_site_name":"Chinampa Project","article_modified_time":"2025-07-25T16:32:14+00:00","og_image":[{"width":1024,"height":683,"url":"https:\/\/chinampaproject.org\/wp-content\/uploads\/2025\/07\/20250711_1659_Chinampas-at-Sunrise_simple_compose_01jzxvb50ce8q8md1v2ayvakvx-1-1024x683.png","type":"image\/png"}],"twitter_card":"summary_large_image","twitter_misc":{"Tiempo de lectura":"4 minutos"},"schema":{"@context":"https:\/\/schema.org","@graph":[{"@type":"WebPage","@id":"https:\/\/chinampaproject.org\/","url":"https:\/\/chinampaproject.org\/","name":"Home - Chinampa Project","isPartOf":{"@id":"https:\/\/chinampaproject.org\/#website"},"primaryImageOfPage":{"@id":"https:\/\/chinampaproject.org\/#primaryimage"},"image":{"@id":"https:\/\/chinampaproject.org\/#primaryimage"},"thumbnailUrl":"https:\/\/chinampaproject.org\/wp-content\/uploads\/2025\/07\/Logo2.svg","datePublished":"2025-07-10T20:41:13+00:00","dateModified":"2025-07-25T16:32:14+00:00","breadcrumb":{"@id":"https:\/\/chinampaproject.org\/#breadcrumb"},"inLanguage":"es","potentialAction":[{"@type":"ReadAction","target":["https:\/\/chinampaproject.org\/"]}]},{"@type":"ImageObject","inLanguage":"es","@id":"https:\/\/chinampaproject.org\/#primaryimage","url":"https:\/\/chinampaproject.org\/wp-content\/uploads\/2025\/07\/Logo2.svg","contentUrl":"https:\/\/chinampaproject.org\/wp-content\/uploads\/2025\/07\/Logo2.svg"},{"@type":"BreadcrumbList","@id":"https:\/\/chinampaproject.org\/#breadcrumb","itemListElement":[{"@type":"ListItem","position":1,"name":"Inicio","item":"https:\/\/chinampaproject.org\/"},{"@type":"ListItem","position":2,"name":"Home"}]},{"@type":"WebSite","@id":"https:\/\/chinampaproject.org\/#website","url":"https:\/\/chinampaproject.org\/","name":"https:\/\/chinampaproject.org\/wp-content\/uploads\/2025\/09\/Screenshot-2025-09-12-114531.png","description":"Chinampas Regeneration in Xochimilco","potentialAction":[{"@type":"SearchAction","target":{"@type":"EntryPoint","urlTemplate":"https:\/\/chinampaproject.org\/?s={search_term_string}"},"query-input":{"@type":"PropertyValueSpecification","valueRequired":true,"valueName":"search_term_string"}}],"inLanguage":"es"}]}},"_links":{"self":[{"href":"https:\/\/chinampaproject.org\/es\/wp-json\/wp\/v2\/pages\/6","targetHints":{"allow":["GET"]}}],"collection":[{"href":"https:\/\/chinampaproject.org\/es\/wp-json\/wp\/v2\/pages"}],"about":[{"href":"https:\/\/chinampaproject.org\/es\/wp-json\/wp\/v2\/types\/page"}],"author":[{"embeddable":true,"href":"https:\/\/chinampaproject.org\/es\/wp-json\/wp\/v2\/users\/1"}],"replies":[{"embeddable":true,"href":"https:\/\/chinampaproject.org\/es\/wp-json\/wp\/v2\/comments?post=6"}],"version-history":[{"count":42,"href":"https:\/\/chinampaproject.org\/es\/wp-json\/wp\/v2\/pages\/6\/revisions"}],"predecessor-version":[{"id":196,"href":"https:\/\/chinampaproject.org\/es\/wp-json\/wp\/v2\/pages\/6\/revisions\/196"}],"wp:attachment":[{"href":"https:\/\/chinampaproject.org\/es\/wp-json\/wp\/v2\/media?parent=6"}],"curies":[{"name":"wp","href":"https:\/\/api.w.org\/{rel}","templated":true}]}}