{"id":50,"date":"2025-07-11T20:10:51","date_gmt":"2025-07-11T20:10:51","guid":{"rendered":"https:\/\/chinampaproject.org\/?page_id=50"},"modified":"2026-04-13T22:10:36","modified_gmt":"2026-04-13T22:10:36","slug":"the-project","status":"publish","type":"page","link":"https:\/\/chinampaproject.org\/es\/the-project\/","title":{"rendered":"El proyecto"},"content":{"rendered":"<h1 style=\"color: rgba(1, 65, 122, 0.9) !important; --tcb-applied-color: rgba(1, 65, 122, 0.9) !important;\"><span style=\"--tcb-applied-color: rgba(1, 65, 122, 0.9) !important;\"><strong>Prop\u00f3sito y objetivos estrat\u00e9gicos<\/strong><\/span><\/h1>\n<p style=\"font-size: 14px !important;\"><span style=\"font-size: 14px !important;\">Es nuestro inter\u00e9s fundamental regenerar chinampas abandonadas a trav\u00e9s de pr\u00e1cticas de agricultura sustentable, inclusi\u00f3n de g\u00e9nero y comercio justo. Entre nuestros objetivos se encuentra:<\/span><\/p>\n<ul>\n<li style=\"font-size: 14px !important;\"><span style=\"font-size: 14px !important;\">Restaurar la productividad ecol\u00f3gica<\/span><\/li>\n<li style=\"font-size: 14px !important;\"><span style=\"font-size: 14px !important;\">Empoderar a mujeres agricultoras<\/span><\/li>\n<li style=\"font-size: 14px !important;\"><span style=\"font-size: 14px !important;\">Garantizar la vida digna a trav\u00e9s del comercio justo<\/span><\/li>\n<\/ul>\n<h1><span><strong>Entretejer pasado y futuro<\/strong><\/span><\/h1>\n<p>Se combina la ancestral t\u00e9cnica agricultural  con herramientas modernas como sistemas de compostaje, irrigaci\u00f3n solar, traceabilidad digital y principios de econom\u00eda circular.<\/p>\n<p><span style=\"\"><img decoding=\"async\" alt=\"\" data-id=\"178\" width=\"254\" data-init-width=\"401\" height=\"332\" data-init-height=\"524\" title=\"goals\" loading=\"lazy\" src=\"https:\/\/chinampaproject.org\/wp-content\/uploads\/2025\/09\/Screenshot-2025-09-12-102209.png\" data-width=\"254\" data-height=\"332\" style=\"aspect-ratio: auto 401 \/ 524;\" mt-d=\"0\" ml-d=\"0\"><\/span><\/p>\n<h1><span><strong>Swedish and Nordic Values in Action<\/strong><\/span><\/h1>\n<p>With support from Team Sweden\u2014including the Swedish Embassy and Business Sweden\u2014we advance values of gender equality, environmental stewardship, and social inclusion.Sweden&#8217;s commitment to environmental stewardship, social equity, and innovation excellence aligns perfectly with chinampa regeneration goals. Swedish values of lagom (balanced living) and allemansr\u00e4tten (right to roam) translate into approaches that respect both cultural boundaries and environmental limits.<\/p>\n<p><span style=\"font-weight: normal;\"><b>El liderazgo de sustentabilidad sueca se compone de:<\/b><\/span><\/p>\n<ul>\n<li>Neutralidad de carbono: Suecia busca emisiones netas de cero para el a\u00f1o 2045<\/li>\n<li>Econom\u00eda circular: liderar la transici\u00f3n lejos de modelos de consumo lineales<\/li>\n<li>Innovaci\u00f3n social: integraci\u00f3n ambiental y finalidades sociales en todo proyecto de desarrollo<\/li>\n<li>Tecnolog\u00eda para el bien: usar innovaci\u00f3n para abordar desaf\u00edos globales en respeto de la autonom\u00eda local<\/li>\n<\/ul>\n<h1><span><strong>Nuestros aliados<\/strong><\/span><\/h1>\n<p>Trabajamos con:<\/p>\n<p><span style=\"\"><a href=\"https:\/\/chinampaproject.org\/es\/the-chinampas\/#etiqueta\"><img decoding=\"async\" alt=\"\" data-id=\"101\" width=\"70\" data-init-width=\"117\" height=\"125\" data-init-height=\"209\" title=\"etiqueta1\" loading=\"lazy\" src=\"https:\/\/chinampaproject.org\/wp-content\/uploads\/2025\/07\/etiqueta1-1.png\" data-width=\"70\" data-height=\"125\" style=\"aspect-ratio: auto 117 \/ 209;\" ml-d=\"0\" mt-d=\"0\" data-link-wrap=\"true\"><\/a><\/span><span><a href=\"https:\/\/www.numumarket.com.mx\/\" target=\"_blank\"><img decoding=\"async\" alt=\"\" data-id=\"97\" width=\"144\" data-init-width=\"300\" height=\"61\" data-init-height=\"127\" title=\"Numu Market\" loading=\"lazy\" src=\"https:\/\/chinampaproject.org\/wp-content\/uploads\/2025\/07\/Numu-Market.webp\" data-width=\"144\" data-height=\"61\" style=\"aspect-ratio: auto 300 \/ 127;\" data-link-wrap=\"true\"><\/a><\/span><span style=\"\"><img decoding=\"async\" alt=\"\" data-id=\"165\" width=\"134\" data-init-width=\"1000\" height=\"134\" data-init-height=\"1000\" title=\"RED DE EMPRESAS SUECAS EN M\u00c9XICO\" loading=\"lazy\" src=\"https:\/\/chinampaproject.org\/wp-content\/uploads\/2025\/07\/RED-DE-EMPRESAS-SUECAS-EN-MEXICO.png\" data-width=\"134\" data-height=\"134\" style=\"aspect-ratio: auto 1000 \/ 1000;\" ml-d=\"0\" mt-d=\"0\" center-v-d=\"false\"><\/span><span style=\"\"><a href=\"https:\/\/www.camaranordicamexico.mx\/\" target=\"_blank\"><img decoding=\"async\" alt=\"\" data-id=\"274\" width=\"244\" data-init-width=\"900\" height=\"144\" data-init-height=\"900\" title=\"camara nordica\" loading=\"lazy\" src=\"https:\/\/chinampaproject.org\/wp-content\/uploads\/2026\/03\/camara-nordica-1.png\" data-width=\"244\" data-height=\"144\" style=\"aspect-ratio: auto 900 \/ 900;\" data-link-wrap=\"true\" ml-d=\"-61\" mt-d=\"0\" center-h-d=\"false\"><\/a><\/span><\/p>\n<p style=\"text-align: center;\"><strong>Descarga el reporte del proyecto<\/strong><\/p>","protected":false},"excerpt":{"rendered":"<p>Purpose &amp; Strategic Objectives We aim to regenerate abandoned chinampas through sustainable farming, gender inclusion, and fair commerce. Our goals include: Restoring ecological productivity Empowering women in agriculture Ensuring dignified livelihoods through fair trade Blending Past &amp; Future We combine ancient agricultural techniques with modern tools like composting systems, solar irrigation, digital traceability, and circular [&hellip;]<\/p>","protected":false},"author":1,"featured_media":0,"parent":0,"menu_order":0,"comment_status":"closed","ping_status":"closed","template":"","meta":{"footnotes":""},"class_list":["post-50","page","type-page","status-publish","hentry","post-wrapper","thrv_wrapper"],"aioseo_notices":[],"yoast_head":"<!-- This site is optimized with the Yoast SEO plugin v27.2 - https:\/\/yoast.com\/product\/yoast-seo-wordpress\/ -->\n<title>The Project - Chinampa Project<\/title>\n<meta name=\"robots\" content=\"index, follow, max-snippet:-1, max-image-preview:large, max-video-preview:-1\" \/>\n<link rel=\"canonical\" href=\"https:\/\/chinampaproject.org\/es\/the-project\/\" \/>\n<meta property=\"og:locale\" content=\"es_MX\" \/>\n<meta property=\"og:type\" content=\"article\" \/>\n<meta property=\"og:title\" content=\"The Project - Chinampa Project\" \/>\n<meta property=\"og:description\" content=\"Purpose &amp; Strategic Objectives We aim to regenerate abandoned chinampas through sustainable farming, gender inclusion, and fair commerce. Our goals include: Restoring ecological productivity Empowering women in agriculture Ensuring dignified livelihoods through fair trade Blending Past &amp; Future We combine ancient agricultural techniques with modern tools like composting systems, solar irrigation, digital traceability, and circular [&hellip;]\" \/>\n<meta property=\"og:url\" content=\"https:\/\/chinampaproject.org\/es\/the-project\/\" \/>\n<meta property=\"og:site_name\" content=\"Chinampa Project\" \/>\n<meta property=\"article:modified_time\" content=\"2026-04-13T22:10:36+00:00\" \/>\n<meta property=\"og:image\" content=\"https:\/\/chinampaproject.org\/wp-content\/uploads\/2025\/07\/goals.png\" \/>\n<meta name=\"twitter:card\" content=\"summary_large_image\" \/>\n<meta name=\"twitter:label1\" content=\"Tiempo de lectura\" \/>\n\t<meta name=\"twitter:data1\" content=\"1 minuto\" \/>\n<script type=\"application\/ld+json\" class=\"yoast-schema-graph\">{\"@context\":\"https:\/\/schema.org\",\"@graph\":[{\"@type\":\"WebPage\",\"@id\":\"https:\/\/chinampaproject.org\/the-project\/\",\"url\":\"https:\/\/chinampaproject.org\/the-project\/\",\"name\":\"The Project - Chinampa Project\",\"isPartOf\":{\"@id\":\"https:\/\/chinampaproject.org\/#website\"},\"primaryImageOfPage\":{\"@id\":\"https:\/\/chinampaproject.org\/the-project\/#primaryimage\"},\"image\":{\"@id\":\"https:\/\/chinampaproject.org\/the-project\/#primaryimage\"},\"thumbnailUrl\":\"https:\/\/chinampaproject.org\/wp-content\/uploads\/2025\/07\/goals.png\",\"datePublished\":\"2025-07-11T20:10:51+00:00\",\"dateModified\":\"2026-04-13T22:10:36+00:00\",\"breadcrumb\":{\"@id\":\"https:\/\/chinampaproject.org\/the-project\/#breadcrumb\"},\"inLanguage\":\"es\",\"potentialAction\":[{\"@type\":\"ReadAction\",\"target\":[\"https:\/\/chinampaproject.org\/the-project\/\"]}]},{\"@type\":\"ImageObject\",\"inLanguage\":\"es\",\"@id\":\"https:\/\/chinampaproject.org\/the-project\/#primaryimage\",\"url\":\"https:\/\/chinampaproject.org\/wp-content\/uploads\/2025\/07\/goals.png\",\"contentUrl\":\"https:\/\/chinampaproject.org\/wp-content\/uploads\/2025\/07\/goals.png\"},{\"@type\":\"BreadcrumbList\",\"@id\":\"https:\/\/chinampaproject.org\/the-project\/#breadcrumb\",\"itemListElement\":[{\"@type\":\"ListItem\",\"position\":1,\"name\":\"Inicio\",\"item\":\"https:\/\/chinampaproject.org\/\"},{\"@type\":\"ListItem\",\"position\":2,\"name\":\"The Project\"}]},{\"@type\":\"WebSite\",\"@id\":\"https:\/\/chinampaproject.org\/#website\",\"url\":\"https:\/\/chinampaproject.org\/\",\"name\":\"Chinampa Project\",\"description\":\"Chinampas Regeneration in Xochimilco\",\"potentialAction\":[{\"@type\":\"SearchAction\",\"target\":{\"@type\":\"EntryPoint\",\"urlTemplate\":\"https:\/\/chinampaproject.org\/?s={search_term_string}\"},\"query-input\":{\"@type\":\"PropertyValueSpecification\",\"valueRequired\":true,\"valueName\":\"search_term_string\"}}],\"inLanguage\":\"es\"}]}<\/script>\n<!-- \/ Yoast SEO plugin. -->","yoast_head_json":{"title":"The Project - Chinampa Project","robots":{"index":"index","follow":"follow","max-snippet":"max-snippet:-1","max-image-preview":"max-image-preview:large","max-video-preview":"max-video-preview:-1"},"canonical":"https:\/\/chinampaproject.org\/es\/the-project\/","og_locale":"es_MX","og_type":"article","og_title":"The Project - Chinampa Project","og_description":"Purpose &amp; Strategic Objectives We aim to regenerate abandoned chinampas through sustainable farming, gender inclusion, and fair commerce. Our goals include: Restoring ecological productivity Empowering women in agriculture Ensuring dignified livelihoods through fair trade Blending Past &amp; Future We combine ancient agricultural techniques with modern tools like composting systems, solar irrigation, digital traceability, and circular [&hellip;]","og_url":"https:\/\/chinampaproject.org\/es\/the-project\/","og_site_name":"Chinampa Project","article_modified_time":"2026-04-13T22:10:36+00:00","og_image":[{"url":"https:\/\/chinampaproject.org\/wp-content\/uploads\/2025\/07\/goals.png","type":"","width":"","height":""}],"twitter_card":"summary_large_image","twitter_misc":{"Tiempo de lectura":"1 minuto"},"schema":{"@context":"https:\/\/schema.org","@graph":[{"@type":"WebPage","@id":"https:\/\/chinampaproject.org\/the-project\/","url":"https:\/\/chinampaproject.org\/the-project\/","name":"The Project - Chinampa Project","isPartOf":{"@id":"https:\/\/chinampaproject.org\/#website"},"primaryImageOfPage":{"@id":"https:\/\/chinampaproject.org\/the-project\/#primaryimage"},"image":{"@id":"https:\/\/chinampaproject.org\/the-project\/#primaryimage"},"thumbnailUrl":"https:\/\/chinampaproject.org\/wp-content\/uploads\/2025\/07\/goals.png","datePublished":"2025-07-11T20:10:51+00:00","dateModified":"2026-04-13T22:10:36+00:00","breadcrumb":{"@id":"https:\/\/chinampaproject.org\/the-project\/#breadcrumb"},"inLanguage":"es","potentialAction":[{"@type":"ReadAction","target":["https:\/\/chinampaproject.org\/the-project\/"]}]},{"@type":"ImageObject","inLanguage":"es","@id":"https:\/\/chinampaproject.org\/the-project\/#primaryimage","url":"https:\/\/chinampaproject.org\/wp-content\/uploads\/2025\/07\/goals.png","contentUrl":"https:\/\/chinampaproject.org\/wp-content\/uploads\/2025\/07\/goals.png"},{"@type":"BreadcrumbList","@id":"https:\/\/chinampaproject.org\/the-project\/#breadcrumb","itemListElement":[{"@type":"ListItem","position":1,"name":"Inicio","item":"https:\/\/chinampaproject.org\/"},{"@type":"ListItem","position":2,"name":"The Project"}]},{"@type":"WebSite","@id":"https:\/\/chinampaproject.org\/#website","url":"https:\/\/chinampaproject.org\/","name":"https:\/\/chinampaproject.org\/wp-content\/uploads\/2025\/09\/Screenshot-2025-09-12-114531.png","description":"Chinampas Regeneration in Xochimilco","potentialAction":[{"@type":"SearchAction","target":{"@type":"EntryPoint","urlTemplate":"https:\/\/chinampaproject.org\/?s={search_term_string}"},"query-input":{"@type":"PropertyValueSpecification","valueRequired":true,"valueName":"search_term_string"}}],"inLanguage":"es"}]}},"_links":{"self":[{"href":"https:\/\/chinampaproject.org\/es\/wp-json\/wp\/v2\/pages\/50","targetHints":{"allow":["GET"]}}],"collection":[{"href":"https:\/\/chinampaproject.org\/es\/wp-json\/wp\/v2\/pages"}],"about":[{"href":"https:\/\/chinampaproject.org\/es\/wp-json\/wp\/v2\/types\/page"}],"author":[{"embeddable":true,"href":"https:\/\/chinampaproject.org\/es\/wp-json\/wp\/v2\/users\/1"}],"replies":[{"embeddable":true,"href":"https:\/\/chinampaproject.org\/es\/wp-json\/wp\/v2\/comments?post=50"}],"version-history":[{"count":23,"href":"https:\/\/chinampaproject.org\/es\/wp-json\/wp\/v2\/pages\/50\/revisions"}],"predecessor-version":[{"id":282,"href":"https:\/\/chinampaproject.org\/es\/wp-json\/wp\/v2\/pages\/50\/revisions\/282"}],"wp:attachment":[{"href":"https:\/\/chinampaproject.org\/es\/wp-json\/wp\/v2\/media?parent=50"}],"curies":[{"name":"wp","href":"https:\/\/api.w.org\/{rel}","templated":true}]}}