{"id":217,"date":"2025-08-08T19:54:59","date_gmt":"2025-08-08T19:54:59","guid":{"rendered":"https:\/\/chinampaproject.org\/?page_id=217"},"modified":"2025-09-12T20:57:03","modified_gmt":"2025-09-12T20:57:03","slug":"brigadas","status":"publish","type":"page","link":"https:\/\/chinampaproject.org\/es\/brigadas\/","title":{"rendered":"Brigadas"},"content":{"rendered":"<h2 style=\"text-align: center;\"><span style=\"--tcb-applied-color: rgba(255, 255, 255, 0.85) !important; color: rgba(255, 255, 255, 0.85) !important;\"><strong><strong><em>Reg\u00edstrate para unirte a las brigadas chinamperas<\/em><\/strong><\/strong><\/span><\/h2>\n<p>Si quieres participar en nuestras jornadas de trabajo voluntario en las chinampas, completa este formulario con tus datos.<\/p>\n<p>&nbsp;Podr\u00e1s ayudarnos en actividades como siembra, limpieza de canales, restauraci\u00f3n de suelos y otras tareas esenciales para la regeneraci\u00f3n de Xochimilco.<\/p>\n<p>&nbsp;Tu tiempo y energ\u00eda hacen la diferencia: cada brigada fortalece a la comunidad chinampera y protege este patrimonio \u00fanico.<\/p>\n<div class=\"forminator-ui forminator-custom-form forminator-custom-form-219 forminator-design--default  forminator_ajax\" data-forminator-render=\"0\" data-form=\"forminator-module-219\" data-uid=\"69f21ccfa7f15\"><br\/><\/div><form\n\t\t\t\tid=\"forminator-module-219\"\n\t\t\t\tclass=\"forminator-ui forminator-custom-form forminator-custom-form-219 forminator-design--default  forminator_ajax\"\n\t\t\t\tmethod=\"post\"\n\t\t\t\tdata-forminator-render=\"0\"\n\t\t\t\tdata-form-id=\"219\"\n\t\t\t\t data-color-option=\"theme\" data-design=\"default\" data-grid=\"open\" style=\"display: none;\"\n\t\t\t\tdata-uid=\"69f21ccfa7f15\" action=\"\"\n\t\t\t><div role=\"alert\" aria-live=\"polite\" class=\"forminator-response-message forminator-error\" aria-hidden=\"true\"><\/div><div class=\"forminator-row\"><div id=\"name-1\" class=\"forminator-field-name forminator-col forminator-col-6\"><div class=\"forminator-field\"><label for=\"forminator-field-name-1_69f21ccfa7f15\" id=\"forminator-field-name-1_69f21ccfa7f15-label\" class=\"forminator-label\">Nombre<\/label><input type=\"text\" name=\"name-1\" value=\"\" placeholder=\"\" id=\"forminator-field-name-1_69f21ccfa7f15\" class=\"forminator-input forminator-name--field\" aria-required=\"false\" autocomplete=\"name\" \/><\/div><\/div><div id=\"text-2\" class=\"forminator-field-text forminator-col forminator-col-6\"><div class=\"forminator-field\"><label for=\"forminator-field-text-2_69f21ccfa7f15\" id=\"forminator-field-text-2_69f21ccfa7f15-label\" class=\"forminator-label\">Empresa<\/label><input type=\"text\" name=\"text-2\" value=\"\" placeholder=\"\" id=\"forminator-field-text-2_69f21ccfa7f15\" class=\"forminator-input forminator-name--field\" data-required=\"\" \/><\/div><\/div><\/div><div class=\"forminator-row\"><div id=\"email-1\" class=\"forminator-field-email forminator-col forminator-col-6\"><div class=\"forminator-field\"><label for=\"forminator-field-email-1_69f21ccfa7f15\" id=\"forminator-field-email-1_69f21ccfa7f15-label\" class=\"forminator-label\">Correo electr\u00f3nico<\/label><input type=\"email\" name=\"email-1\" value=\"\" placeholder=\"\" id=\"forminator-field-email-1_69f21ccfa7f15\" class=\"forminator-input forminator-email--field\" data-required=\"\" aria-required=\"false\" autocomplete=\"email\" \/><\/div><\/div><div id=\"phone-1\" class=\"forminator-field-phone forminator-col forminator-col-6\"><div class=\"forminator-field\"><label for=\"forminator-field-phone-1_69f21ccfa7f15\" id=\"forminator-field-phone-1_69f21ccfa7f15-label\" class=\"forminator-label\">Tel\u00e9fono de contacto<\/label><input type=\"text\" name=\"phone-1\" value=\"\" placeholder=\"\" id=\"forminator-field-phone-1_69f21ccfa7f15\" class=\"forminator-input forminator-field--phone\" data-required=\"\" aria-required=\"false\" autocomplete=\"off\" \/><\/div><\/div><\/div><div class=\"forminator-row\"><div id=\"number-1\" class=\"forminator-field-number forminator-col forminator-col-4\"><div class=\"forminator-field\"><label for=\"forminator-field-number-1_69f21ccfa7f15\" id=\"forminator-field-number-1_69f21ccfa7f15-label\" class=\"forminator-label\">N\u00famero de personas (adultas)<\/label><input name=\"number-1\" value=\"\" placeholder=\"\" id=\"forminator-field-number-1_69f21ccfa7f15\" class=\"forminator-input forminator-number--field\" inputmode=\"decimal\" data-required=\"\" data-decimals=\"0\" aria-required=\"false\" data-inputmask=\"&#039;groupSeparator&#039;: &#039;&#039;, &#039;radixPoint&#039;: &#039;&#039;, &#039;digits&#039;: &#039;0&#039;\" data-hidden-behavior=\"zero\" type=\"number\" step=\"any\" min=\"1\" max=\"150\" \/><\/div><\/div><div id=\"number-2\" class=\"forminator-field-number forminator-col forminator-col-4\"><div class=\"forminator-field\"><label for=\"forminator-field-number-2_69f21ccfa7f15\" id=\"forminator-field-number-2_69f21ccfa7f15-label\" class=\"forminator-label\">N\u00famero de personas (menores)<\/label><input name=\"number-2\" value=\"\" placeholder=\"\" id=\"forminator-field-number-2_69f21ccfa7f15\" class=\"forminator-input forminator-number--field\" inputmode=\"decimal\" data-required=\"\" data-decimals=\"0\" aria-required=\"false\" data-inputmask=\"&#039;groupSeparator&#039;: &#039;&#039;, &#039;radixPoint&#039;: &#039;&#039;, &#039;digits&#039;: &#039;0&#039;\" data-hidden-behavior=\"zero\" type=\"number\" step=\"any\" min=\"1\" max=\"150\" \/><\/div><\/div><div id=\"text-1\" class=\"forminator-field-text forminator-col forminator-col-4\"><div class=\"forminator-field\"><label for=\"forminator-field-text-1_69f21ccfa7f15\" id=\"forminator-field-text-1_69f21ccfa7f15-label\" class=\"forminator-label\">Edades de los menores<\/label><input type=\"text\" name=\"text-1\" value=\"\" placeholder=\"\" id=\"forminator-field-text-1_69f21ccfa7f15\" class=\"forminator-input forminator-name--field\" data-required=\"\" \/><\/div><\/div><\/div><div class=\"forminator-row\"><div id=\"checkbox-1\" class=\"forminator-field-checkbox forminator-col forminator-col-6\"><div role=\"group\" class=\"forminator-field\" aria-labelledby=\"forminator-checkbox-group-forminator-field-checkbox-1-69f21ccfa7f15-label\"><span id=\"forminator-checkbox-group-forminator-field-checkbox-1-69f21ccfa7f15-label\" class=\"forminator-label\">Seleccionar si necesitar\u00e1n apoyo con:<\/span><label id=\"forminator-field-checkbox-1-1-69f21ccfa7f15-label\" for=\"forminator-field-checkbox-1-1-69f21ccfa7f15\" class=\"forminator-checkbox\" title=\"Alimentos\"><input type=\"checkbox\" name=\"checkbox-1[]\" value=\"one\" id=\"forminator-field-checkbox-1-1-69f21ccfa7f15\" aria-labelledby=\"forminator-field-checkbox-1-1-69f21ccfa7f15-label\" data-calculation=\"0\"   data-hidden-behavior=\"zero\"\/><span class=\"forminator-checkbox-box\" aria-hidden=\"true\"><\/span><span class=\"forminator-checkbox-label\">Alimentos<\/span><\/label><label id=\"forminator-field-checkbox-1-2-69f21ccfa7f15-label\" for=\"forminator-field-checkbox-1-2-69f21ccfa7f15\" class=\"forminator-checkbox\" title=\"Transporte\"><input type=\"checkbox\" name=\"checkbox-1[]\" value=\"two\" id=\"forminator-field-checkbox-1-2-69f21ccfa7f15\" aria-labelledby=\"forminator-field-checkbox-1-2-69f21ccfa7f15-label\" data-calculation=\"0\"   data-hidden-behavior=\"zero\"\/><span class=\"forminator-checkbox-box\" aria-hidden=\"true\"><\/span><span class=\"forminator-checkbox-label\">Transporte<\/span><\/label><\/div><\/div><div id=\"radio-1\" class=\"forminator-field-radio forminator-col forminator-col-6\"><div role=\"radiogroup\" class=\"forminator-field\" aria-labelledby=\"forminator-radiogroup-radio-1-69f21ccfa7f15-label\"><span id=\"forminator-radiogroup-radio-1-69f21ccfa7f15-label\" class=\"forminator-label\">Punto de encuentro<\/span><label id=\"forminator-field-radio-1-label-1\" for=\"forminator-field-radio-1-1-69f21ccfa7f15\" class=\"forminator-radio\" title=\"Xochimilco\"><input type=\"radio\" name=\"radio-1\" value=\"one\" id=\"forminator-field-radio-1-1-69f21ccfa7f15\" aria-labelledby=\"forminator-field-radio-1-label-1\" data-calculation=\"0\"   data-hidden-behavior=\"zero\"\/><span class=\"forminator-radio-bullet\" aria-hidden=\"true\"><\/span><span class=\"forminator-radio-label\">Xochimilco<\/span><\/label><label id=\"forminator-field-radio-1-label-2\" for=\"forminator-field-radio-1-2-69f21ccfa7f15\" class=\"forminator-radio\" title=\"Otro\"><input type=\"radio\" name=\"radio-1\" value=\"custom_option\" id=\"forminator-field-radio-1-2-69f21ccfa7f15\" aria-labelledby=\"forminator-field-radio-1-label-2\" data-calculation=\"0\"   data-hidden-behavior=\"zero\"\/><span class=\"forminator-radio-bullet\" aria-hidden=\"true\"><\/span><span class=\"forminator-radio-label\">Otro<\/span><\/label><div class=\"forminator-field forminator-custom-input\"><input id=\"custom-forminator-field-radio-1-2-69f21ccfa7f15\" name=\"custom-radio-1\" aria-labelledby=\"forminator-field-radio-1-label-2\" class=\"forminator-input\" placeholder=\"Por favor especificar\" value=\"\" \/><\/div><\/div><\/div><\/div><div class=\"forminator-row\"><\/div><input type=\"hidden\" name=\"referer_url\" value=\"\" \/><div class=\"forminator-row forminator-row-last\"><div class=\"forminator-col\"><div class=\"forminator-field\"><button class=\"forminator-button forminator-button-submit\">Enviar formato<\/button><\/div><\/div><\/div><input type=\"hidden\" id=\"forminator_nonce\" name=\"forminator_nonce\" value=\"dd0e65496b\" \/><input type=\"hidden\" name=\"_wp_http_referer\" value=\"\/es\/wp-json\/wp\/v2\/pages\/217\" \/><input type=\"hidden\" name=\"form_id\" value=\"219\"><input type=\"hidden\" name=\"page_id\" value=\"217\"><input type=\"hidden\" name=\"form_type\" value=\"default\"><input type=\"hidden\" name=\"current_url\" value=\"https:\/\/chinampaproject.org\/es\/brigadas\/\"><input type=\"hidden\" name=\"render_id\" value=\"0\"><input type=\"hidden\" name=\"action\" value=\"forminator_submit_form_custom-forms\"><input type=\"hidden\" name=\"trp-form-language\" value=\"es\"\/><\/form>","protected":false},"excerpt":{"rendered":"<p>Register to join for a chinampa brigade If it is in your interest to participate in our labor volunteering brigades, please fill out this form with your information. &nbsp;You would be helping out by participating in various activities, such as: planting, canal cleaning, soil restauration, and other essential tasks for the regeneration of Xochimilco. &nbsp;Your [&hellip;]<\/p>","protected":false},"author":1,"featured_media":0,"parent":0,"menu_order":0,"comment_status":"closed","ping_status":"closed","template":"","meta":{"footnotes":""},"class_list":["post-217","page","type-page","status-publish","hentry","post-wrapper","thrv_wrapper"],"aioseo_notices":[],"yoast_head":"<!-- This site is optimized with the Yoast SEO plugin v27.2 - https:\/\/yoast.com\/product\/yoast-seo-wordpress\/ -->\n<title>Brigadas - Chinampa Project<\/title>\n<meta name=\"robots\" content=\"index, follow, max-snippet:-1, max-image-preview:large, max-video-preview:-1\" \/>\n<link rel=\"canonical\" href=\"https:\/\/chinampaproject.org\/es\/brigadas\/\" \/>\n<meta property=\"og:locale\" content=\"es_MX\" \/>\n<meta property=\"og:type\" content=\"article\" \/>\n<meta property=\"og:title\" content=\"Brigadas - Chinampa Project\" \/>\n<meta property=\"og:description\" content=\"Register to join for a chinampa brigade If it is in your interest to participate in our labor volunteering brigades, please fill out this form with your information. &nbsp;You would be helping out by participating in various activities, such as: planting, canal cleaning, soil restauration, and other essential tasks for the regeneration of Xochimilco. &nbsp;Your [&hellip;]\" \/>\n<meta property=\"og:url\" content=\"https:\/\/chinampaproject.org\/es\/brigadas\/\" \/>\n<meta property=\"og:site_name\" content=\"Chinampa Project\" \/>\n<meta property=\"article:modified_time\" content=\"2025-09-12T20:57:03+00:00\" \/>\n<meta name=\"twitter:card\" content=\"summary_large_image\" \/>\n<script type=\"application\/ld+json\" class=\"yoast-schema-graph\">{\"@context\":\"https:\/\/schema.org\",\"@graph\":[{\"@type\":\"WebPage\",\"@id\":\"https:\/\/chinampaproject.org\/brigadas\/\",\"url\":\"https:\/\/chinampaproject.org\/brigadas\/\",\"name\":\"Brigadas - Chinampa Project\",\"isPartOf\":{\"@id\":\"https:\/\/chinampaproject.org\/#website\"},\"datePublished\":\"2025-08-08T19:54:59+00:00\",\"dateModified\":\"2025-09-12T20:57:03+00:00\",\"breadcrumb\":{\"@id\":\"https:\/\/chinampaproject.org\/brigadas\/#breadcrumb\"},\"inLanguage\":\"es\",\"potentialAction\":[{\"@type\":\"ReadAction\",\"target\":[\"https:\/\/chinampaproject.org\/brigadas\/\"]}]},{\"@type\":\"BreadcrumbList\",\"@id\":\"https:\/\/chinampaproject.org\/brigadas\/#breadcrumb\",\"itemListElement\":[{\"@type\":\"ListItem\",\"position\":1,\"name\":\"Inicio\",\"item\":\"https:\/\/chinampaproject.org\/\"},{\"@type\":\"ListItem\",\"position\":2,\"name\":\"Brigadas\"}]},{\"@type\":\"WebSite\",\"@id\":\"https:\/\/chinampaproject.org\/#website\",\"url\":\"https:\/\/chinampaproject.org\/\",\"name\":\"Chinampa Project\",\"description\":\"Chinampas Regeneration in Xochimilco\",\"potentialAction\":[{\"@type\":\"SearchAction\",\"target\":{\"@type\":\"EntryPoint\",\"urlTemplate\":\"https:\/\/chinampaproject.org\/?s={search_term_string}\"},\"query-input\":{\"@type\":\"PropertyValueSpecification\",\"valueRequired\":true,\"valueName\":\"search_term_string\"}}],\"inLanguage\":\"es\"}]}<\/script>\n<!-- \/ Yoast SEO plugin. -->","yoast_head_json":{"title":"Brigadas - Chinampa Project","robots":{"index":"index","follow":"follow","max-snippet":"max-snippet:-1","max-image-preview":"max-image-preview:large","max-video-preview":"max-video-preview:-1"},"canonical":"https:\/\/chinampaproject.org\/es\/brigadas\/","og_locale":"es_MX","og_type":"article","og_title":"Brigadas - Chinampa Project","og_description":"Register to join for a chinampa brigade If it is in your interest to participate in our labor volunteering brigades, please fill out this form with your information. &nbsp;You would be helping out by participating in various activities, such as: planting, canal cleaning, soil restauration, and other essential tasks for the regeneration of Xochimilco. &nbsp;Your [&hellip;]","og_url":"https:\/\/chinampaproject.org\/es\/brigadas\/","og_site_name":"Chinampa Project","article_modified_time":"2025-09-12T20:57:03+00:00","twitter_card":"summary_large_image","schema":{"@context":"https:\/\/schema.org","@graph":[{"@type":"WebPage","@id":"https:\/\/chinampaproject.org\/brigadas\/","url":"https:\/\/chinampaproject.org\/brigadas\/","name":"Brigadas - Chinampa Project","isPartOf":{"@id":"https:\/\/chinampaproject.org\/#website"},"datePublished":"2025-08-08T19:54:59+00:00","dateModified":"2025-09-12T20:57:03+00:00","breadcrumb":{"@id":"https:\/\/chinampaproject.org\/brigadas\/#breadcrumb"},"inLanguage":"es","potentialAction":[{"@type":"ReadAction","target":["https:\/\/chinampaproject.org\/brigadas\/"]}]},{"@type":"BreadcrumbList","@id":"https:\/\/chinampaproject.org\/brigadas\/#breadcrumb","itemListElement":[{"@type":"ListItem","position":1,"name":"Inicio","item":"https:\/\/chinampaproject.org\/"},{"@type":"ListItem","position":2,"name":"Brigadas"}]},{"@type":"WebSite","@id":"https:\/\/chinampaproject.org\/#website","url":"https:\/\/chinampaproject.org\/","name":"https:\/\/chinampaproject.org\/wp-content\/uploads\/2025\/09\/Screenshot-2025-09-12-114531.png","description":"Chinampas Regeneration in Xochimilco","potentialAction":[{"@type":"SearchAction","target":{"@type":"EntryPoint","urlTemplate":"https:\/\/chinampaproject.org\/?s={search_term_string}"},"query-input":{"@type":"PropertyValueSpecification","valueRequired":true,"valueName":"search_term_string"}}],"inLanguage":"es"}]}},"_links":{"self":[{"href":"https:\/\/chinampaproject.org\/es\/wp-json\/wp\/v2\/pages\/217","targetHints":{"allow":["GET"]}}],"collection":[{"href":"https:\/\/chinampaproject.org\/es\/wp-json\/wp\/v2\/pages"}],"about":[{"href":"https:\/\/chinampaproject.org\/es\/wp-json\/wp\/v2\/types\/page"}],"author":[{"embeddable":true,"href":"https:\/\/chinampaproject.org\/es\/wp-json\/wp\/v2\/users\/1"}],"replies":[{"embeddable":true,"href":"https:\/\/chinampaproject.org\/es\/wp-json\/wp\/v2\/comments?post=217"}],"version-history":[{"count":9,"href":"https:\/\/chinampaproject.org\/es\/wp-json\/wp\/v2\/pages\/217\/revisions"}],"predecessor-version":[{"id":271,"href":"https:\/\/chinampaproject.org\/es\/wp-json\/wp\/v2\/pages\/217\/revisions\/271"}],"wp:attachment":[{"href":"https:\/\/chinampaproject.org\/es\/wp-json\/wp\/v2\/media?parent=217"}],"curies":[{"name":"wp","href":"https:\/\/api.w.org\/{rel}","templated":true}]}}