{"id":204,"date":"2025-08-08T18:47:52","date_gmt":"2025-08-08T18:47:52","guid":{"rendered":"https:\/\/chinampaproject.org\/?page_id=204"},"modified":"2025-08-22T19:00:19","modified_gmt":"2025-08-22T19:00:19","slug":"market","status":"publish","type":"page","link":"https:\/\/chinampaproject.org\/es\/market\/","title":{"rendered":"Market"},"content":{"rendered":"<h2 style=\"text-align: center;\"><span style=\"--tcb-applied-color: rgba(255, 255, 255, 0.85) !important; color: rgba(255, 255, 255, 0.85) !important;\"><strong><strong><em>\u00danete para comprar productos chinamperos<\/em><\/strong><\/strong><\/span><\/h2>\n<p>Para acceder a nuestra tienda y realizar compras de productos frescos, locales y regenerativos directamente desde las chinampas, por favor completa el siguiente formulario.&nbsp;<\/p>\n<p>Al registrarte, est\u00e1s apoyando a las y los chinamperos, contribuyendo a la regeneraci\u00f3n de Xochimilco y formando parte de un modelo de consumo m\u00e1s justo y sostenible.<\/p>\n<div class=\"forminator-ui forminator-custom-form forminator-custom-form-203 forminator-design--default  forminator_ajax\" data-forminator-render=\"0\" data-form=\"forminator-module-203\" data-uid=\"69f2180900f3f\"><br\/><\/div><form\n\t\t\t\tid=\"forminator-module-203\"\n\t\t\t\tclass=\"forminator-ui forminator-custom-form forminator-custom-form-203 forminator-design--default  forminator_ajax\"\n\t\t\t\tmethod=\"post\"\n\t\t\t\tdata-forminator-render=\"0\"\n\t\t\t\tdata-form-id=\"203\"\n\t\t\t\t data-color-option=\"theme\" data-design=\"default\" data-grid=\"open\" style=\"display: none;\"\n\t\t\t\tdata-uid=\"69f2180900f3f\" action=\"\"\n\t\t\t><div role=\"alert\" aria-live=\"polite\" class=\"forminator-response-message forminator-error\" aria-hidden=\"true\"><\/div><div class=\"forminator-row\"><div id=\"name-1\" class=\"forminator-field-name forminator-col forminator-col-6\"><div class=\"forminator-field\"><label for=\"forminator-field-name-1_69f2180900f3f\" id=\"forminator-field-name-1_69f2180900f3f-label\" class=\"forminator-label\">Nombre<\/label><input type=\"text\" name=\"name-1\" value=\"\" placeholder=\"\" id=\"forminator-field-name-1_69f2180900f3f\" class=\"forminator-input forminator-name--field\" aria-required=\"false\" autocomplete=\"name\" \/><\/div><\/div><div id=\"text-1\" class=\"forminator-field-text forminator-col forminator-col-6\"><div class=\"forminator-field\"><label for=\"forminator-field-text-1_69f2180900f3f\" id=\"forminator-field-text-1_69f2180900f3f-label\" class=\"forminator-label\">Empresa<\/label><input type=\"text\" name=\"text-1\" value=\"\" placeholder=\"\" id=\"forminator-field-text-1_69f2180900f3f\" class=\"forminator-input forminator-name--field\" data-required=\"\" \/><\/div><\/div><\/div><div class=\"forminator-row\"><div id=\"email-1\" class=\"forminator-field-email forminator-col forminator-col-6\"><div class=\"forminator-field\"><label for=\"forminator-field-email-1_69f2180900f3f\" id=\"forminator-field-email-1_69f2180900f3f-label\" class=\"forminator-label\">Correo electr\u00f3nico<\/label><input type=\"email\" name=\"email-1\" value=\"\" placeholder=\"\" id=\"forminator-field-email-1_69f2180900f3f\" class=\"forminator-input forminator-email--field\" data-required=\"\" aria-required=\"false\" autocomplete=\"email\" \/><\/div><\/div><div id=\"phone-1\" class=\"forminator-field-phone forminator-col forminator-col-6\"><div class=\"forminator-field\"><label for=\"forminator-field-phone-1_69f2180900f3f\" id=\"forminator-field-phone-1_69f2180900f3f-label\" class=\"forminator-label\">Tel\u00e9fono de contacto<\/label><input type=\"text\" name=\"phone-1\" value=\"\" placeholder=\"\" id=\"forminator-field-phone-1_69f2180900f3f\" class=\"forminator-input forminator-field--phone\" data-required=\"\" aria-required=\"false\" autocomplete=\"off\" \/><\/div><\/div><\/div><div class=\"forminator-row\"><div id=\"address-1\" class=\"forminator-field-address forminator-col forminator-col-12\"><div class=\"forminator-row\"><div id=\"address-1-street_address\" class=\"forminator-col\"><div class=\"forminator-field\"><label for=\"forminator-field-address-1-street_address_69f2180900f3f\" id=\"forminator-field-address-1-street_address_69f2180900f3f-label\" class=\"forminator-label\">Direcci\u00f3n de oficina<\/label><input type=\"text\" name=\"address-1-street_address\" placeholder=\"\" id=\"forminator-field-address-1-street_address_69f2180900f3f\" class=\"forminator-input\" data-required=\"\" aria-required=\"false\" autocomplete=\"address-line1\" value=\"\" \/><\/div><\/div><\/div><div class=\"forminator-row\" data-multiple=\"false\"><div id=\"address-1-city\" class=\"forminator-col forminator-col-12\"><div class=\"forminator-field\"><label for=\"forminator-field-address-1-city_69f2180900f3f\" id=\"forminator-field-address-1-city_69f2180900f3f-label\" class=\"forminator-label\">Ciudad<\/label><input type=\"text\" name=\"address-1-city\" placeholder=\"\" id=\"forminator-field-address-1-city_69f2180900f3f\" class=\"forminator-input\" data-required=\"\" aria-required=\"false\" autocomplete=\"address-level2\" value=\"\" \/><\/div><\/div><\/div><div class=\"forminator-row\" data-multiple=\"false\"><div id=\"address-1-zip\" class=\"forminator-col forminator-col-12\"><div class=\"forminator-field\"><label for=\"forminator-field-address-1-zip_69f2180900f3f\" id=\"forminator-field-address-1-zip_69f2180900f3f-label\" class=\"forminator-label\">CP<\/label><input type=\"text\" name=\"address-1-zip\" placeholder=\"\" id=\"forminator-field-address-1-zip_69f2180900f3f\" class=\"forminator-input\" autocomplete=\"postal-code\" value=\"\" \/><\/div><\/div><\/div><\/div><\/div><div class=\"forminator-row\"><div id=\"checkbox-1\" class=\"forminator-field-checkbox forminator-col forminator-col-6\"><div role=\"group\" class=\"forminator-field\" aria-labelledby=\"forminator-checkbox-group-forminator-field-checkbox-1-69f2180900f3f-label\"><span id=\"forminator-checkbox-group-forminator-field-checkbox-1-69f2180900f3f-label\" class=\"forminator-label\">D\u00edas que van a la oficina (para recibir el pedido)<\/span><label id=\"forminator-field-checkbox-1-1-69f2180900f3f-label\" for=\"forminator-field-checkbox-1-1-69f2180900f3f\" class=\"forminator-checkbox\" title=\"Lunes\"><input type=\"checkbox\" name=\"checkbox-1[]\" value=\"one\" id=\"forminator-field-checkbox-1-1-69f2180900f3f\" aria-labelledby=\"forminator-field-checkbox-1-1-69f2180900f3f-label\" data-calculation=\"0\"   data-hidden-behavior=\"zero\"\/><span class=\"forminator-checkbox-box\" aria-hidden=\"true\"><\/span><span class=\"forminator-checkbox-label\">Lunes<\/span><\/label><label id=\"forminator-field-checkbox-1-2-69f2180900f3f-label\" for=\"forminator-field-checkbox-1-2-69f2180900f3f\" class=\"forminator-checkbox\" title=\"Martes\"><input type=\"checkbox\" name=\"checkbox-1[]\" value=\"two\" id=\"forminator-field-checkbox-1-2-69f2180900f3f\" aria-labelledby=\"forminator-field-checkbox-1-2-69f2180900f3f-label\" data-calculation=\"0\"   data-hidden-behavior=\"zero\"\/><span class=\"forminator-checkbox-box\" aria-hidden=\"true\"><\/span><span class=\"forminator-checkbox-label\">Martes<\/span><\/label><label id=\"forminator-field-checkbox-1-3-69f2180900f3f-label\" for=\"forminator-field-checkbox-1-3-69f2180900f3f\" class=\"forminator-checkbox\" title=\"Mi\u00e9rcoles\"><input type=\"checkbox\" name=\"checkbox-1[]\" value=\"Mi\u00e9rcoles\" id=\"forminator-field-checkbox-1-3-69f2180900f3f\" aria-labelledby=\"forminator-field-checkbox-1-3-69f2180900f3f-label\" data-calculation=\"0\"   data-hidden-behavior=\"zero\"\/><span class=\"forminator-checkbox-box\" aria-hidden=\"true\"><\/span><span class=\"forminator-checkbox-label\">Mi\u00e9rcoles<\/span><\/label><label id=\"forminator-field-checkbox-1-4-69f2180900f3f-label\" for=\"forminator-field-checkbox-1-4-69f2180900f3f\" class=\"forminator-checkbox\" title=\"Jueves\"><input type=\"checkbox\" name=\"checkbox-1[]\" value=\"Jueves\" id=\"forminator-field-checkbox-1-4-69f2180900f3f\" aria-labelledby=\"forminator-field-checkbox-1-4-69f2180900f3f-label\" data-calculation=\"0\"   data-hidden-behavior=\"zero\"\/><span class=\"forminator-checkbox-box\" aria-hidden=\"true\"><\/span><span class=\"forminator-checkbox-label\">Jueves<\/span><\/label><label id=\"forminator-field-checkbox-1-5-69f2180900f3f-label\" for=\"forminator-field-checkbox-1-5-69f2180900f3f\" class=\"forminator-checkbox\" title=\"Viernes\"><input type=\"checkbox\" name=\"checkbox-1[]\" value=\"Viernes\" id=\"forminator-field-checkbox-1-5-69f2180900f3f\" aria-labelledby=\"forminator-field-checkbox-1-5-69f2180900f3f-label\" data-calculation=\"0\"   data-hidden-behavior=\"zero\"\/><span class=\"forminator-checkbox-box\" aria-hidden=\"true\"><\/span><span class=\"forminator-checkbox-label\">Viernes<\/span><\/label><\/div><\/div><div id=\"radio-1\" class=\"forminator-field-radio forminator-col forminator-col-6\"><div role=\"radiogroup\" class=\"forminator-field\" aria-labelledby=\"forminator-radiogroup-radio-1-69f2180900f3f-label\"><span id=\"forminator-radiogroup-radio-1-69f2180900f3f-label\" class=\"forminator-label\">\u00bfRequiere factura?<\/span><label id=\"forminator-field-radio-1-label-1\" for=\"forminator-field-radio-1-1-69f2180900f3f\" class=\"forminator-radio\" title=\"S\u00ed\"><input type=\"radio\" name=\"radio-1\" value=\"one\" id=\"forminator-field-radio-1-1-69f2180900f3f\" aria-labelledby=\"forminator-field-radio-1-label-1\" data-calculation=\"0\"   data-hidden-behavior=\"zero\"\/><span class=\"forminator-radio-bullet\" aria-hidden=\"true\"><\/span><span class=\"forminator-radio-label\">S\u00ed<\/span><\/label><label id=\"forminator-field-radio-1-label-2\" for=\"forminator-field-radio-1-2-69f2180900f3f\" class=\"forminator-radio\" title=\"No\"><input type=\"radio\" name=\"radio-1\" value=\"two\" id=\"forminator-field-radio-1-2-69f2180900f3f\" aria-labelledby=\"forminator-field-radio-1-label-2\" data-calculation=\"0\"   data-hidden-behavior=\"zero\"\/><span class=\"forminator-radio-bullet\" aria-hidden=\"true\"><\/span><span class=\"forminator-radio-label\">No<\/span><\/label><\/div><\/div><\/div><div class=\"forminator-row\"><\/div><input type=\"hidden\" name=\"referer_url\" value=\"\" \/><div class=\"forminator-row forminator-row-last\"><div class=\"forminator-col\"><div class=\"forminator-field\"><button class=\"forminator-button forminator-button-submit\">Enviar formato<\/button><\/div><\/div><\/div><input type=\"hidden\" id=\"forminator_nonce\" name=\"forminator_nonce\" value=\"b9516747b2\" \/><input type=\"hidden\" name=\"_wp_http_referer\" value=\"\/es\/wp-json\/wp\/v2\/pages\/204\" \/><input type=\"hidden\" name=\"form_id\" value=\"203\"><input type=\"hidden\" name=\"page_id\" value=\"204\"><input type=\"hidden\" name=\"form_type\" value=\"default\"><input type=\"hidden\" name=\"current_url\" value=\"https:\/\/chinampaproject.org\/es\/market\/\"><input type=\"hidden\" name=\"render_id\" value=\"0\"><input type=\"hidden\" name=\"action\" value=\"forminator_submit_form_custom-forms\"><input type=\"hidden\" name=\"trp-form-language\" value=\"es\"\/><\/form>","protected":false},"excerpt":{"rendered":"<p>Join to purchase products from the chinampas To access our online market store and purchase fresh, regenerative, local produce directly from the chinampas, please fill out the form below.&nbsp; By registering, you are supporting chinamperos and chinamperas, contributing to the restoration of Xochimilco and becoming part of a just, sustainable model of consumption.<\/p>","protected":false},"author":1,"featured_media":0,"parent":0,"menu_order":0,"comment_status":"closed","ping_status":"closed","template":"","meta":{"footnotes":""},"class_list":["post-204","page","type-page","status-publish","hentry","post-wrapper","thrv_wrapper"],"aioseo_notices":[],"yoast_head":"<!-- This site is optimized with the Yoast SEO plugin v27.2 - https:\/\/yoast.com\/product\/yoast-seo-wordpress\/ -->\n<title>Market - Chinampa Project<\/title>\n<meta name=\"robots\" content=\"index, follow, max-snippet:-1, max-image-preview:large, max-video-preview:-1\" \/>\n<link rel=\"canonical\" href=\"https:\/\/chinampaproject.org\/es\/market\/\" \/>\n<meta property=\"og:locale\" content=\"es_MX\" \/>\n<meta property=\"og:type\" content=\"article\" \/>\n<meta property=\"og:title\" content=\"Market - Chinampa Project\" \/>\n<meta property=\"og:description\" content=\"Join to purchase products from the chinampas To access our online market store and purchase fresh, regenerative, local produce directly from the chinampas, please fill out the form below.&nbsp; By registering, you are supporting chinamperos and chinamperas, contributing to the restoration of Xochimilco and becoming part of a just, sustainable model of consumption.\" \/>\n<meta property=\"og:url\" content=\"https:\/\/chinampaproject.org\/es\/market\/\" \/>\n<meta property=\"og:site_name\" content=\"Chinampa Project\" \/>\n<meta property=\"article:modified_time\" content=\"2025-08-22T19:00:19+00:00\" \/>\n<meta name=\"twitter:card\" content=\"summary_large_image\" \/>\n<script type=\"application\/ld+json\" class=\"yoast-schema-graph\">{\"@context\":\"https:\/\/schema.org\",\"@graph\":[{\"@type\":\"WebPage\",\"@id\":\"https:\/\/chinampaproject.org\/market\/\",\"url\":\"https:\/\/chinampaproject.org\/market\/\",\"name\":\"Market - Chinampa Project\",\"isPartOf\":{\"@id\":\"https:\/\/chinampaproject.org\/#website\"},\"datePublished\":\"2025-08-08T18:47:52+00:00\",\"dateModified\":\"2025-08-22T19:00:19+00:00\",\"breadcrumb\":{\"@id\":\"https:\/\/chinampaproject.org\/market\/#breadcrumb\"},\"inLanguage\":\"es\",\"potentialAction\":[{\"@type\":\"ReadAction\",\"target\":[\"https:\/\/chinampaproject.org\/market\/\"]}]},{\"@type\":\"BreadcrumbList\",\"@id\":\"https:\/\/chinampaproject.org\/market\/#breadcrumb\",\"itemListElement\":[{\"@type\":\"ListItem\",\"position\":1,\"name\":\"Inicio\",\"item\":\"https:\/\/chinampaproject.org\/\"},{\"@type\":\"ListItem\",\"position\":2,\"name\":\"Market\"}]},{\"@type\":\"WebSite\",\"@id\":\"https:\/\/chinampaproject.org\/#website\",\"url\":\"https:\/\/chinampaproject.org\/\",\"name\":\"Chinampa Project\",\"description\":\"Chinampas Regeneration in Xochimilco\",\"potentialAction\":[{\"@type\":\"SearchAction\",\"target\":{\"@type\":\"EntryPoint\",\"urlTemplate\":\"https:\/\/chinampaproject.org\/?s={search_term_string}\"},\"query-input\":{\"@type\":\"PropertyValueSpecification\",\"valueRequired\":true,\"valueName\":\"search_term_string\"}}],\"inLanguage\":\"es\"}]}<\/script>\n<!-- \/ Yoast SEO plugin. -->","yoast_head_json":{"title":"Market - Chinampa Project","robots":{"index":"index","follow":"follow","max-snippet":"max-snippet:-1","max-image-preview":"max-image-preview:large","max-video-preview":"max-video-preview:-1"},"canonical":"https:\/\/chinampaproject.org\/es\/market\/","og_locale":"es_MX","og_type":"article","og_title":"Market - Chinampa Project","og_description":"Join to purchase products from the chinampas To access our online market store and purchase fresh, regenerative, local produce directly from the chinampas, please fill out the form below.&nbsp; By registering, you are supporting chinamperos and chinamperas, contributing to the restoration of Xochimilco and becoming part of a just, sustainable model of consumption.","og_url":"https:\/\/chinampaproject.org\/es\/market\/","og_site_name":"Chinampa Project","article_modified_time":"2025-08-22T19:00:19+00:00","twitter_card":"summary_large_image","schema":{"@context":"https:\/\/schema.org","@graph":[{"@type":"WebPage","@id":"https:\/\/chinampaproject.org\/market\/","url":"https:\/\/chinampaproject.org\/market\/","name":"Market - Chinampa Project","isPartOf":{"@id":"https:\/\/chinampaproject.org\/#website"},"datePublished":"2025-08-08T18:47:52+00:00","dateModified":"2025-08-22T19:00:19+00:00","breadcrumb":{"@id":"https:\/\/chinampaproject.org\/market\/#breadcrumb"},"inLanguage":"es","potentialAction":[{"@type":"ReadAction","target":["https:\/\/chinampaproject.org\/market\/"]}]},{"@type":"BreadcrumbList","@id":"https:\/\/chinampaproject.org\/market\/#breadcrumb","itemListElement":[{"@type":"ListItem","position":1,"name":"Inicio","item":"https:\/\/chinampaproject.org\/"},{"@type":"ListItem","position":2,"name":"Market"}]},{"@type":"WebSite","@id":"https:\/\/chinampaproject.org\/#website","url":"https:\/\/chinampaproject.org\/","name":"https:\/\/chinampaproject.org\/wp-content\/uploads\/2025\/09\/Screenshot-2025-09-12-114531.png","description":"Chinampas Regeneration in Xochimilco","potentialAction":[{"@type":"SearchAction","target":{"@type":"EntryPoint","urlTemplate":"https:\/\/chinampaproject.org\/?s={search_term_string}"},"query-input":{"@type":"PropertyValueSpecification","valueRequired":true,"valueName":"search_term_string"}}],"inLanguage":"es"}]}},"_links":{"self":[{"href":"https:\/\/chinampaproject.org\/es\/wp-json\/wp\/v2\/pages\/204","targetHints":{"allow":["GET"]}}],"collection":[{"href":"https:\/\/chinampaproject.org\/es\/wp-json\/wp\/v2\/pages"}],"about":[{"href":"https:\/\/chinampaproject.org\/es\/wp-json\/wp\/v2\/types\/page"}],"author":[{"embeddable":true,"href":"https:\/\/chinampaproject.org\/es\/wp-json\/wp\/v2\/users\/1"}],"replies":[{"embeddable":true,"href":"https:\/\/chinampaproject.org\/es\/wp-json\/wp\/v2\/comments?post=204"}],"version-history":[{"count":13,"href":"https:\/\/chinampaproject.org\/es\/wp-json\/wp\/v2\/pages\/204\/revisions"}],"predecessor-version":[{"id":253,"href":"https:\/\/chinampaproject.org\/es\/wp-json\/wp\/v2\/pages\/204\/revisions\/253"}],"wp:attachment":[{"href":"https:\/\/chinampaproject.org\/es\/wp-json\/wp\/v2\/media?parent=204"}],"curies":[{"name":"wp","href":"https:\/\/api.w.org\/{rel}","templated":true}]}}